{"id":15323,"date":"2024-04-18T11:43:16","date_gmt":"2024-04-18T11:43:16","guid":{"rendered":"https:\/\/hexagon-group.com\/carriere\/"},"modified":"2024-07-25T09:26:37","modified_gmt":"2024-07-25T09:26:37","slug":"carrieres","status":"publish","type":"page","link":"https:\/\/hexagon-group.com\/fr\/carrieres\/","title":{"rendered":"CARRI\u00c8RES"},"content":{"rendered":"\t\t<div data-elementor-type=\"wp-page\" data-elementor-id=\"15323\" class=\"elementor elementor-15323 elementor-10668\" data-elementor-post-type=\"page\">\n\t\t\t\t<div class=\"elementor-element elementor-element-81a072b inner-page-banner e-flex e-con-boxed wpr-particle-no wpr-jarallax-no wpr-parallax-no wpr-sticky-section-no wpr-equal-height-no e-con e-parent\" data-id=\"81a072b\" data-element_type=\"container\" data-e-type=\"container\">\n\t\t\t\t\t<div class=\"e-con-inner\">\n\t\t<div class=\"elementor-element elementor-element-6f2a461 round-img e-flex e-con-boxed wpr-particle-no wpr-jarallax-no wpr-parallax-no wpr-sticky-section-no wpr-equal-height-no e-con e-child\" data-id=\"6f2a461\" data-element_type=\"container\" data-e-type=\"container\" data-settings=\"{&quot;background_background&quot;:&quot;classic&quot;}\">\n\t\t\t\t\t<div class=\"e-con-inner\">\n\t\t\t\t<div class=\"elementor-element elementor-element-6a2aeb0 elementor-invisible elementor-widget elementor-widget-heading\" data-id=\"6a2aeb0\" data-element_type=\"widget\" data-e-type=\"widget\" data-settings=\"{&quot;_animation&quot;:&quot;fadeInUp&quot;}\" data-widget_type=\"heading.default\">\n\t\t\t\t<div class=\"elementor-widget-container\">\n\t\t\t\t\t<div class=\"elementor-heading-title elementor-size-default\">Carri\u00e8res<\/div>\t\t\t\t<\/div>\n\t\t\t\t<\/div>\n\t\t\t\t<div class=\"elementor-element elementor-element-a70a474 elementor-invisible elementor-widget elementor-widget-heading\" data-id=\"a70a474\" data-element_type=\"widget\" data-e-type=\"widget\" data-settings=\"{&quot;_animation&quot;:&quot;fadeInUp&quot;}\" data-widget_type=\"heading.default\">\n\t\t\t\t<div class=\"elementor-widget-container\">\n\t\t\t\t\t<h2 class=\"elementor-heading-title elementor-size-default\">Partages-tu notre passion pour le <br \/>monde des mati\u00e8res premi\u00e8res ?<\/h2>\t\t\t\t<\/div>\n\t\t\t\t<\/div>\n\t\t\t\t<div class=\"elementor-element elementor-element-53859a2 elementor-widget__width-initial elementor-invisible elementor-widget elementor-widget-heading\" data-id=\"53859a2\" data-element_type=\"widget\" data-e-type=\"widget\" data-settings=\"{&quot;_animation&quot;:&quot;fadeInUp&quot;}\" data-widget_type=\"heading.default\">\n\t\t\t\t<div class=\"elementor-widget-container\">\n\t\t\t\t\t<h4 class=\"elementor-heading-title elementor-size-default\">L'industrie des mati\u00e8res premi\u00e8res offres des opportunit\u00e9s fascinantes aux personnes ouvertes d'esprits, avec une visions du monde globale, determin\u00e9 travailler dur et avec un fort esprit d'equipe.<\/h4>\t\t\t\t<\/div>\n\t\t\t\t<\/div>\n\t\t\t\t\t<\/div>\n\t\t\t\t<\/div>\n\t\t\t\t\t<\/div>\n\t\t\t\t<\/div>\n\t\t\t\t<section class=\"elementor-section elementor-top-section elementor-element elementor-element-74c7f4b elementor-reverse-mobile elementor-section-boxed elementor-section-height-default elementor-section-height-default wpr-particle-no wpr-jarallax-no wpr-parallax-no wpr-sticky-section-no wpr-equal-height-no\" data-id=\"74c7f4b\" data-element_type=\"section\" data-e-type=\"section\">\n\t\t\t\t\t\t<div class=\"elementor-container elementor-column-gap-no\">\n\t\t\t\t\t<div class=\"elementor-column elementor-col-100 elementor-top-column elementor-element elementor-element-17339ac\" data-id=\"17339ac\" data-element_type=\"column\" data-e-type=\"column\" data-settings=\"{&quot;background_background&quot;:&quot;classic&quot;}\">\n\t\t\t<div class=\"elementor-widget-wrap elementor-element-populated\">\n\t\t\t\t\t\t<div class=\"elementor-element elementor-element-13a9f80 elementor-invisible elementor-widget elementor-widget-heading\" data-id=\"13a9f80\" data-element_type=\"widget\" data-e-type=\"widget\" data-settings=\"{&quot;_animation&quot;:&quot;fadeInUp&quot;}\" data-widget_type=\"heading.default\">\n\t\t\t\t<div class=\"elementor-widget-container\">\n\t\t\t\t\t<h1 class=\"elementor-heading-title elementor-size-default\"><b>Rejoigner Hexagon!<\/b><br>  Hexagon est constament a la recherche de nouveau talent.<\/h1>\t\t\t\t<\/div>\n\t\t\t\t<\/div>\n\t\t\t\t<div class=\"elementor-element elementor-element-8019030 elementor-invisible elementor-widget elementor-widget-text-editor\" data-id=\"8019030\" data-element_type=\"widget\" data-e-type=\"widget\" data-settings=\"{&quot;_animation&quot;:&quot;fadeInUp&quot;}\" data-widget_type=\"text-editor.default\">\n\t\t\t\t<div class=\"elementor-widget-container\">\n\t\t\t\t\t\t\t\t\t<h4>N&rsquo;hesitez pas \u00e0 envoyer votre candidature \u00e0 l&rsquo;adresse suivante:<br \/><strong><a href=\"mailto:hr@b3627qsb.myrdbx.io\">hr@b3627qsb.myrdbx.io<\/a><\/strong><\/h4>\t\t\t\t\t\t\t\t<\/div>\n\t\t\t\t<\/div>\n\t\t\t\t<div class=\"elementor-element elementor-element-08d3ed3 elementor-widget-tablet__width-auto s-hire-btn elementor-invisible elementor-widget elementor-widget-qi_addons_for_elementor_button\" data-id=\"08d3ed3\" data-element_type=\"widget\" data-e-type=\"widget\" data-settings=\"{&quot;_animation&quot;:&quot;fadeInUp&quot;}\" data-widget_type=\"qi_addons_for_elementor_button.default\">\n\t\t\t\t<div class=\"elementor-widget-container\">\n\t\t\t\t\t<a class=\"qodef-shortcode qodef-m qodef-qi-button qodef-html--link qodef-layout--outlined qodef-type--standard qodef-icon--right qodef-hover--icon-move-horizontal-short\" href=\"mailto:hr@b3627qsb.myrdbx.io\" target=\"_self\">\n\t<span class=\"qodef-m-text\">Soumettre votre candidature<\/span>\n\t<\/a>\n\t\t\t\t<\/div>\n\t\t\t\t<\/div>\n\t\t\t\t\t<\/div>\n\t\t<\/div>\n\t\t\t\t\t<\/div>\n\t\t<\/section>\n\t\t\t\t<\/div>\n\t\t","protected":false},"excerpt":{"rendered":"<p>Carri\u00e8res Partages-tu notre passion pour le monde des mati\u00e8res premi\u00e8res ? L&rsquo;industrie des mati\u00e8res premi\u00e8res offres des opportunit\u00e9s fascinantes aux personnes ouvertes d&rsquo;esprits, avec une visions du monde globale, determin\u00e9 travailler dur et avec un fort esprit d&rsquo;equipe. Rejoigner Hexagon! Hexagon est constament a la recherche de nouveau talent. N&rsquo;hesitez pas \u00e0 envoyer votre candidature \u00e0 l&rsquo;adresse suivante:hr@b3627qsb.myrdbx.io Soumettre votre candidature<\/p>\n","protected":false},"author":1,"featured_media":0,"parent":0,"menu_order":0,"comment_status":"closed","ping_status":"closed","template":"page-full-width.php","meta":{"_acf_changed":false,"inline_featured_image":false,"footnotes":""},"class_list":["post-15323","page","type-page","status-publish","hentry"],"acf":[],"_links":{"self":[{"href":"https:\/\/hexagon-group.com\/fr\/wp-json\/wp\/v2\/pages\/15323","targetHints":{"allow":["GET"]}}],"collection":[{"href":"https:\/\/hexagon-group.com\/fr\/wp-json\/wp\/v2\/pages"}],"about":[{"href":"https:\/\/hexagon-group.com\/fr\/wp-json\/wp\/v2\/types\/page"}],"author":[{"embeddable":true,"href":"https:\/\/hexagon-group.com\/fr\/wp-json\/wp\/v2\/users\/1"}],"replies":[{"embeddable":true,"href":"https:\/\/hexagon-group.com\/fr\/wp-json\/wp\/v2\/comments?post=15323"}],"version-history":[{"count":0,"href":"https:\/\/hexagon-group.com\/fr\/wp-json\/wp\/v2\/pages\/15323\/revisions"}],"wp:attachment":[{"href":"https:\/\/hexagon-group.com\/fr\/wp-json\/wp\/v2\/media?parent=15323"}],"curies":[{"name":"wp","href":"https:\/\/api.w.org\/{rel}","templated":true}]}}